{"id":2234,"date":"2023-11-30T17:49:11","date_gmt":"2023-11-30T17:49:11","guid":{"rendered":"https:\/\/patscheralm.com\/?page_id=2234"},"modified":"2023-12-12T14:54:07","modified_gmt":"2023-12-12T14:54:07","slug":"die-patscher-alm-im-sommer","status":"publish","type":"page","link":"https:\/\/patscheralm.com\/?page_id=2234","title":{"rendered":"Die Patscher Alm im Sommer"},"content":{"rendered":"<p style=\"text-align: left;\"><span style=\"color: #c1c1c1;\">Der Almsommer auf der Patscher Alm ist gepr\u00e4gt von tollen Sonnenunterg\u00e4ngen, Ausblicken ins Stubaital, das Wipptal und das Inntal. Bestem Essen und uriger H\u00fcttenatmosph\u00e4re<\/span><\/p>\n<style>\/*! elementor - v3.18.0 - 08-12-2023 *\/<br \/>.elementor-image-gallery .gallery-item{display:inline-block;text-align:center;vertical-align:top;width:100%;max-width:100%;margin:0 auto}.elementor-image-gallery .gallery-item img{margin:0 auto}.elementor-image-gallery .gallery-item .gallery-caption{margin:0}.elementor-image-gallery figure img{display:block}.elementor-image-gallery figure figcaption{width:100%}.gallery-spacing-custom .elementor-image-gallery .gallery-icon{padding:0}@media (min-width:768px){.elementor-image-gallery .gallery-columns-2 .gallery-item{max-width:50%}.elementor-image-gallery .gallery-columns-3 .gallery-item{max-width:33.33%}.elementor-image-gallery .gallery-columns-4 .gallery-item{max-width:25%}.elementor-image-gallery .gallery-columns-5 .gallery-item{max-width:20%}.elementor-image-gallery .gallery-columns-6 .gallery-item{max-width:16.666%}.elementor-image-gallery .gallery-columns-7 .gallery-item{max-width:14.28%}.elementor-image-gallery .gallery-columns-8 .gallery-item{max-width:12.5%}.elementor-image-gallery .gallery-columns-9 .gallery-item{max-width:11.11%}.elementor-image-gallery .gallery-columns-10 .gallery-item{max-width:10%}}@media (min-width:480px) and (max-width:767px){.elementor-image-gallery .gallery.gallery-columns-2 .gallery-item,.elementor-image-gallery .gallery.gallery-columns-3 .gallery-item,.elementor-image-gallery .gallery.gallery-columns-4 .gallery-item,.elementor-image-gallery .gallery.gallery-columns-5 .gallery-item,.elementor-image-gallery .gallery.gallery-columns-6 .gallery-item,.elementor-image-gallery .gallery.gallery-columns-7 .gallery-item,.elementor-image-gallery .gallery.gallery-columns-8 .gallery-item,.elementor-image-gallery .gallery.gallery-columns-9 .gallery-item,.elementor-image-gallery .gallery.gallery-columns-10 .gallery-item{max-width:50%}}@media (max-width:479px){.elementor-image-gallery .gallery.gallery-columns-2 .gallery-item,.elementor-image-gallery .gallery.gallery-columns-3 .gallery-item,.elementor-image-gallery .gallery.gallery-columns-4 .gallery-item,.elementor-image-gallery .gallery.gallery-columns-5 .gallery-item,.elementor-image-gallery .gallery.gallery-columns-6 .gallery-item,.elementor-image-gallery .gallery.gallery-columns-7 .gallery-item,.elementor-image-gallery .gallery.gallery-columns-8 .gallery-item,.elementor-image-gallery .gallery.gallery-columns-9 .gallery-item,.elementor-image-gallery .gallery.gallery-columns-10 .gallery-item{max-width:100%}}<\/style>\n<figure class=\"gallery-item\"><a href=\"https:\/\/patscheralm.com\/wp-content\/uploads\/2023\/12\/DSC05575hp-1-scaled.jpg\" data-elementor-open-lightbox=\"yes\" data-elementor-lightbox-slideshow=\"a834d5f\" data-elementor-lightbox-title=\"DSC05575hp\" data-e-action-hash=\"#elementor-action%3Aaction%3Dlightbox%26settings%3DeyJpZCI6MTE1OTQsInVybCI6Imh0dHBzOlwvXC9wYXRzY2hlcmFsbS5jb21cL3dwLWNvbnRlbnRcL3VwbG9hZHNcLzIwMjNcLzEyXC9EU0MwNTU3NWhwLTEtc2NhbGVkLmpwZyIsInNsaWRlc2hvdyI6ImE4MzRkNWYifQ%3D%3D\"><img loading=\"lazy\" src=\"https:\/\/patscheralm.com\/wp-content\/uploads\/2023\/12\/DSC05575hp-1-1536x1024.jpg\" sizes=\"(max-width: 756px) 100vw, 756px\" srcset=\"https:\/\/patscheralm.com\/wp-content\/uploads\/2023\/12\/DSC05575hp-1-1536x1024.jpg 1536w, https:\/\/patscheralm.com\/wp-content\/uploads\/2023\/12\/DSC05575hp-1-300x200.jpg 300w, https:\/\/patscheralm.com\/wp-content\/uploads\/2023\/12\/DSC05575hp-1-1024x683.jpg 1024w, https:\/\/patscheralm.com\/wp-content\/uploads\/2023\/12\/DSC05575hp-1-768x512.jpg 768w, https:\/\/patscheralm.com\/wp-content\/uploads\/2023\/12\/DSC05575hp-1-2048x1366.jpg 2048w, https:\/\/patscheralm.com\/wp-content\/uploads\/2023\/12\/DSC05575hp-1-1400x933.jpg 1400w, https:\/\/patscheralm.com\/wp-content\/uploads\/2023\/12\/DSC05575hp-1-800x533.jpg 800w\" alt=\"\" width=\"756\" height=\"504\"><\/a><\/figure>\n<figure class=\"gallery-item\"><a href=\"https:\/\/patscheralm.com\/wp-content\/uploads\/2023\/11\/PANO0009-Pano-PatscherAlm_tvb.jpg\" data-elementor-open-lightbox=\"yes\" data-elementor-lightbox-slideshow=\"a834d5f\" data-elementor-lightbox-title=\"PANO0009-Pano-PatscherAlm_tvb\" data-e-action-hash=\"#elementor-action%3Aaction%3Dlightbox%26settings%3DeyJpZCI6MjI0OSwidXJsIjoiaHR0cHM6XC9cL3BhdHNjaGVyYWxtLmNvbVwvd3AtY29udGVudFwvdXBsb2Fkc1wvMjAyM1wvMTFcL1BBTk8wMDA5LVBhbm8tUGF0c2NoZXJBbG1fdHZiLmpwZyIsInNsaWRlc2hvdyI6ImE4MzRkNWYifQ%3D%3D\"><img loading=\"lazy\" src=\"https:\/\/patscheralm.com\/wp-content\/uploads\/2023\/11\/PANO0009-Pano-PatscherAlm_tvb-1536x932.jpg\" sizes=\"(max-width: 756px) 100vw, 756px\" srcset=\"https:\/\/patscheralm.com\/wp-content\/uploads\/2023\/11\/PANO0009-Pano-PatscherAlm_tvb-1536x932.jpg 1536w, https:\/\/patscheralm.com\/wp-content\/uploads\/2023\/11\/PANO0009-Pano-PatscherAlm_tvb-300x182.jpg 300w, https:\/\/patscheralm.com\/wp-content\/uploads\/2023\/11\/PANO0009-Pano-PatscherAlm_tvb-1024x621.jpg 1024w, https:\/\/patscheralm.com\/wp-content\/uploads\/2023\/11\/PANO0009-Pano-PatscherAlm_tvb-768x466.jpg 768w, https:\/\/patscheralm.com\/wp-content\/uploads\/2023\/11\/PANO0009-Pano-PatscherAlm_tvb-2048x1242.jpg 2048w\" alt=\"\" width=\"756\" height=\"459\"><\/a><\/figure>\n<figure class=\"gallery-item\"><a href=\"https:\/\/patscheralm.com\/wp-content\/uploads\/2023\/11\/DSC05358tvb.jpg\" data-elementor-open-lightbox=\"yes\" data-elementor-lightbox-slideshow=\"a834d5f\" data-elementor-lightbox-title=\"DSC05358tvb\" data-e-action-hash=\"#elementor-action%3Aaction%3Dlightbox%26settings%3DeyJpZCI6MjI0OCwidXJsIjoiaHR0cHM6XC9cL3BhdHNjaGVyYWxtLmNvbVwvd3AtY29udGVudFwvdXBsb2Fkc1wvMjAyM1wvMTFcL0RTQzA1MzU4dHZiLmpwZyIsInNsaWRlc2hvdyI6ImE4MzRkNWYifQ%3D%3D\"><img loading=\"lazy\" src=\"https:\/\/patscheralm.com\/wp-content\/uploads\/2023\/11\/DSC05358tvb-1536x912.jpg\" sizes=\"(max-width: 756px) 100vw, 756px\" srcset=\"https:\/\/patscheralm.com\/wp-content\/uploads\/2023\/11\/DSC05358tvb-1536x912.jpg 1536w, https:\/\/patscheralm.com\/wp-content\/uploads\/2023\/11\/DSC05358tvb-300x178.jpg 300w, https:\/\/patscheralm.com\/wp-content\/uploads\/2023\/11\/DSC05358tvb-1024x608.jpg 1024w, https:\/\/patscheralm.com\/wp-content\/uploads\/2023\/11\/DSC05358tvb-768x456.jpg 768w, https:\/\/patscheralm.com\/wp-content\/uploads\/2023\/11\/DSC05358tvb-2048x1216.jpg 2048w\" alt=\"\" width=\"756\" height=\"449\"><\/a><\/figure>\n<figure class=\"gallery-item\"><a href=\"https:\/\/patscheralm.com\/wp-content\/uploads\/2023\/11\/DSC00931tvb.jpg\" data-elementor-open-lightbox=\"yes\" data-elementor-lightbox-slideshow=\"a834d5f\" data-elementor-lightbox-title=\"DSC00931tvb\" data-e-action-hash=\"#elementor-action%3Aaction%3Dlightbox%26settings%3DeyJpZCI6MjI0NywidXJsIjoiaHR0cHM6XC9cL3BhdHNjaGVyYWxtLmNvbVwvd3AtY29udGVudFwvdXBsb2Fkc1wvMjAyM1wvMTFcL0RTQzAwOTMxdHZiLmpwZyIsInNsaWRlc2hvdyI6ImE4MzRkNWYifQ%3D%3D\"><img loading=\"lazy\" src=\"https:\/\/patscheralm.com\/wp-content\/uploads\/2023\/11\/DSC00931tvb-1536x1024.jpg\" sizes=\"(max-width: 756px) 100vw, 756px\" srcset=\"https:\/\/patscheralm.com\/wp-content\/uploads\/2023\/11\/DSC00931tvb-1536x1024.jpg 1536w, https:\/\/patscheralm.com\/wp-content\/uploads\/2023\/11\/DSC00931tvb-300x200.jpg 300w, https:\/\/patscheralm.com\/wp-content\/uploads\/2023\/11\/DSC00931tvb-1024x683.jpg 1024w, https:\/\/patscheralm.com\/wp-content\/uploads\/2023\/11\/DSC00931tvb-768x512.jpg 768w, https:\/\/patscheralm.com\/wp-content\/uploads\/2023\/11\/DSC00931tvb-2048x1366.jpg 2048w\" alt=\"\" width=\"756\" height=\"504\"><\/a><\/figure>\n<figure class=\"gallery-item\"><a href=\"https:\/\/patscheralm.com\/wp-content\/uploads\/2023\/11\/DSC00920tvb.jpg\" data-elementor-open-lightbox=\"yes\" data-elementor-lightbox-slideshow=\"a834d5f\" data-elementor-lightbox-title=\"DSC00920tvb\" data-e-action-hash=\"#elementor-action%3Aaction%3Dlightbox%26settings%3DeyJpZCI6MjI0NSwidXJsIjoiaHR0cHM6XC9cL3BhdHNjaGVyYWxtLmNvbVwvd3AtY29udGVudFwvdXBsb2Fkc1wvMjAyM1wvMTFcL0RTQzAwOTIwdHZiLmpwZyIsInNsaWRlc2hvdyI6ImE4MzRkNWYifQ%3D%3D\"><img loading=\"lazy\" src=\"https:\/\/patscheralm.com\/wp-content\/uploads\/2023\/11\/DSC00920tvb-1536x1025.jpg\" sizes=\"(max-width: 756px) 100vw, 756px\" srcset=\"https:\/\/patscheralm.com\/wp-content\/uploads\/2023\/11\/DSC00920tvb-1536x1025.jpg 1536w, https:\/\/patscheralm.com\/wp-content\/uploads\/2023\/11\/DSC00920tvb-300x200.jpg 300w, https:\/\/patscheralm.com\/wp-content\/uploads\/2023\/11\/DSC00920tvb-1024x683.jpg 1024w, https:\/\/patscheralm.com\/wp-content\/uploads\/2023\/11\/DSC00920tvb-768x512.jpg 768w, https:\/\/patscheralm.com\/wp-content\/uploads\/2023\/11\/DSC00920tvb-2048x1366.jpg 2048w\" alt=\"\" width=\"756\" height=\"504\"><\/a><\/figure>\n<figure class=\"gallery-item\"><a href=\"https:\/\/patscheralm.com\/wp-content\/uploads\/2023\/11\/DSC00924tvb.jpg\" data-elementor-open-lightbox=\"yes\" data-elementor-lightbox-slideshow=\"a834d5f\" data-elementor-lightbox-title=\"DSC00924tvb\" data-e-action-hash=\"#elementor-action%3Aaction%3Dlightbox%26settings%3DeyJpZCI6MjI0NiwidXJsIjoiaHR0cHM6XC9cL3BhdHNjaGVyYWxtLmNvbVwvd3AtY29udGVudFwvdXBsb2Fkc1wvMjAyM1wvMTFcL0RTQzAwOTI0dHZiLmpwZyIsInNsaWRlc2hvdyI6ImE4MzRkNWYifQ%3D%3D\"><img loading=\"lazy\" src=\"https:\/\/patscheralm.com\/wp-content\/uploads\/2023\/11\/DSC00924tvb-1536x1024.jpg\" sizes=\"(max-width: 756px) 100vw, 756px\" srcset=\"https:\/\/patscheralm.com\/wp-content\/uploads\/2023\/11\/DSC00924tvb-1536x1024.jpg 1536w, https:\/\/patscheralm.com\/wp-content\/uploads\/2023\/11\/DSC00924tvb-300x200.jpg 300w, https:\/\/patscheralm.com\/wp-content\/uploads\/2023\/11\/DSC00924tvb-1024x683.jpg 1024w, https:\/\/patscheralm.com\/wp-content\/uploads\/2023\/11\/DSC00924tvb-768x512.jpg 768w, https:\/\/patscheralm.com\/wp-content\/uploads\/2023\/11\/DSC00924tvb-2048x1366.jpg 2048w\" alt=\"\" width=\"756\" height=\"504\"><\/a><\/figure>\n<figure class=\"gallery-item\"><a href=\"https:\/\/patscheralm.com\/wp-content\/uploads\/2023\/11\/IMG_0003tvb.jpg\" data-elementor-open-lightbox=\"yes\" data-elementor-lightbox-slideshow=\"a834d5f\" data-elementor-lightbox-title=\"IMG_0003tvb\" data-e-action-hash=\"#elementor-action%3Aaction%3Dlightbox%26settings%3DeyJpZCI6MjIzNiwidXJsIjoiaHR0cHM6XC9cL3BhdHNjaGVyYWxtLmNvbVwvd3AtY29udGVudFwvdXBsb2Fkc1wvMjAyM1wvMTFcL0lNR18wMDAzdHZiLmpwZyIsInNsaWRlc2hvdyI6ImE4MzRkNWYifQ%3D%3D\"><img loading=\"lazy\" src=\"https:\/\/patscheralm.com\/wp-content\/uploads\/2023\/11\/IMG_0003tvb-1536x1024.jpg\" sizes=\"(max-width: 756px) 100vw, 756px\" srcset=\"https:\/\/patscheralm.com\/wp-content\/uploads\/2023\/11\/IMG_0003tvb-1536x1024.jpg 1536w, https:\/\/patscheralm.com\/wp-content\/uploads\/2023\/11\/IMG_0003tvb-300x200.jpg 300w, https:\/\/patscheralm.com\/wp-content\/uploads\/2023\/11\/IMG_0003tvb-1024x683.jpg 1024w, https:\/\/patscheralm.com\/wp-content\/uploads\/2023\/11\/IMG_0003tvb-768x512.jpg 768w, https:\/\/patscheralm.com\/wp-content\/uploads\/2023\/11\/IMG_0003tvb-2048x1366.jpg 2048w\" alt=\"\" width=\"756\" height=\"504\"><\/a><\/figure>\n<figure class=\"gallery-item\"><a href=\"https:\/\/patscheralm.com\/wp-content\/uploads\/2023\/11\/DSC05743tvb.jpg\" data-elementor-open-lightbox=\"yes\" data-elementor-lightbox-slideshow=\"a834d5f\" data-elementor-lightbox-title=\"DSC05743tvb\" data-e-action-hash=\"#elementor-action%3Aaction%3Dlightbox%26settings%3DeyJpZCI6MjIzOCwidXJsIjoiaHR0cHM6XC9cL3BhdHNjaGVyYWxtLmNvbVwvd3AtY29udGVudFwvdXBsb2Fkc1wvMjAyM1wvMTFcL0RTQzA1NzQzdHZiLmpwZyIsInNsaWRlc2hvdyI6ImE4MzRkNWYifQ%3D%3D\"><img loading=\"lazy\" src=\"https:\/\/patscheralm.com\/wp-content\/uploads\/2023\/11\/DSC05743tvb-1536x1024.jpg\" sizes=\"(max-width: 756px) 100vw, 756px\" srcset=\"https:\/\/patscheralm.com\/wp-content\/uploads\/2023\/11\/DSC05743tvb-1536x1024.jpg 1536w, https:\/\/patscheralm.com\/wp-content\/uploads\/2023\/11\/DSC05743tvb-300x200.jpg 300w, https:\/\/patscheralm.com\/wp-content\/uploads\/2023\/11\/DSC05743tvb-1024x683.jpg 1024w, https:\/\/patscheralm.com\/wp-content\/uploads\/2023\/11\/DSC05743tvb-768x512.jpg 768w, https:\/\/patscheralm.com\/wp-content\/uploads\/2023\/11\/DSC05743tvb.jpg 2048w\" alt=\"\" width=\"756\" height=\"504\"><\/a><\/figure>\n<figure class=\"gallery-item\"><a href=\"https:\/\/patscheralm.com\/wp-content\/uploads\/2023\/11\/DSC03284tvb.jpg\" data-elementor-open-lightbox=\"yes\" data-elementor-lightbox-slideshow=\"a834d5f\" data-elementor-lightbox-title=\"DSC03284tvb\" data-e-action-hash=\"#elementor-action%3Aaction%3Dlightbox%26settings%3DeyJpZCI6MjIzOSwidXJsIjoiaHR0cHM6XC9cL3BhdHNjaGVyYWxtLmNvbVwvd3AtY29udGVudFwvdXBsb2Fkc1wvMjAyM1wvMTFcL0RTQzAzMjg0dHZiLmpwZyIsInNsaWRlc2hvdyI6ImE4MzRkNWYifQ%3D%3D\"><img loading=\"lazy\" src=\"https:\/\/patscheralm.com\/wp-content\/uploads\/2023\/11\/DSC03284tvb-1536x1024.jpg\" sizes=\"(max-width: 756px) 100vw, 756px\" srcset=\"https:\/\/patscheralm.com\/wp-content\/uploads\/2023\/11\/DSC03284tvb-1536x1024.jpg 1536w, https:\/\/patscheralm.com\/wp-content\/uploads\/2023\/11\/DSC03284tvb-300x200.jpg 300w, https:\/\/patscheralm.com\/wp-content\/uploads\/2023\/11\/DSC03284tvb-1024x683.jpg 1024w, https:\/\/patscheralm.com\/wp-content\/uploads\/2023\/11\/DSC03284tvb-768x512.jpg 768w, https:\/\/patscheralm.com\/wp-content\/uploads\/2023\/11\/DSC03284tvb.jpg 2048w\" alt=\"\" width=\"756\" height=\"504\"><\/a><\/figure>\n<figure class=\"gallery-item\"><a href=\"https:\/\/patscheralm.com\/wp-content\/uploads\/2023\/11\/DSC00002tvb.jpg\" data-elementor-open-lightbox=\"yes\" data-elementor-lightbox-slideshow=\"a834d5f\" data-elementor-lightbox-title=\"DSC00002tvb\" data-e-action-hash=\"#elementor-action%3Aaction%3Dlightbox%26settings%3DeyJpZCI6MjI0MCwidXJsIjoiaHR0cHM6XC9cL3BhdHNjaGVyYWxtLmNvbVwvd3AtY29udGVudFwvdXBsb2Fkc1wvMjAyM1wvMTFcL0RTQzAwMDAydHZiLmpwZyIsInNsaWRlc2hvdyI6ImE4MzRkNWYifQ%3D%3D\"><img loading=\"lazy\" src=\"https:\/\/patscheralm.com\/wp-content\/uploads\/2023\/11\/DSC00002tvb-1536x1024.jpg\" sizes=\"(max-width: 756px) 100vw, 756px\" srcset=\"https:\/\/patscheralm.com\/wp-content\/uploads\/2023\/11\/DSC00002tvb-1536x1024.jpg 1536w, https:\/\/patscheralm.com\/wp-content\/uploads\/2023\/11\/DSC00002tvb-300x200.jpg 300w, https:\/\/patscheralm.com\/wp-content\/uploads\/2023\/11\/DSC00002tvb-1024x683.jpg 1024w, https:\/\/patscheralm.com\/wp-content\/uploads\/2023\/11\/DSC00002tvb-768x512.jpg 768w, https:\/\/patscheralm.com\/wp-content\/uploads\/2023\/11\/DSC00002tvb-2048x1366.jpg 2048w\" alt=\"\" width=\"756\" height=\"504\"><\/a><\/figure>\n<figure class=\"gallery-item\"><a href=\"https:\/\/patscheralm.com\/wp-content\/uploads\/2023\/11\/DSC03472tvb.jpg\" data-elementor-open-lightbox=\"yes\" data-elementor-lightbox-slideshow=\"a834d5f\" data-elementor-lightbox-title=\"DSC03472tvb\" data-e-action-hash=\"#elementor-action%3Aaction%3Dlightbox%26settings%3DeyJpZCI6MjI0MSwidXJsIjoiaHR0cHM6XC9cL3BhdHNjaGVyYWxtLmNvbVwvd3AtY29udGVudFwvdXBsb2Fkc1wvMjAyM1wvMTFcL0RTQzAzNDcydHZiLmpwZyIsInNsaWRlc2hvdyI6ImE4MzRkNWYifQ%3D%3D\"><img loading=\"lazy\" src=\"https:\/\/patscheralm.com\/wp-content\/uploads\/2023\/11\/DSC03472tvb-1536x1025.jpg\" sizes=\"(max-width: 756px) 100vw, 756px\" srcset=\"https:\/\/patscheralm.com\/wp-content\/uploads\/2023\/11\/DSC03472tvb-1536x1025.jpg 1536w, https:\/\/patscheralm.com\/wp-content\/uploads\/2023\/11\/DSC03472tvb-300x200.jpg 300w, https:\/\/patscheralm.com\/wp-content\/uploads\/2023\/11\/DSC03472tvb-1024x683.jpg 1024w, https:\/\/patscheralm.com\/wp-content\/uploads\/2023\/11\/DSC03472tvb-768x512.jpg 768w, https:\/\/patscheralm.com\/wp-content\/uploads\/2023\/11\/DSC03472tvb-2048x1366.jpg 2048w\" alt=\"\" width=\"756\" height=\"504\"><\/a><\/figure>\n<figure class=\"gallery-item\"><a href=\"https:\/\/patscheralm.com\/wp-content\/uploads\/2023\/11\/DSC00798tvb.jpg\" data-elementor-open-lightbox=\"yes\" data-elementor-lightbox-slideshow=\"a834d5f\" data-elementor-lightbox-title=\"DSC00798tvb\" data-e-action-hash=\"#elementor-action%3Aaction%3Dlightbox%26settings%3DeyJpZCI6MjI0MiwidXJsIjoiaHR0cHM6XC9cL3BhdHNjaGVyYWxtLmNvbVwvd3AtY29udGVudFwvdXBsb2Fkc1wvMjAyM1wvMTFcL0RTQzAwNzk4dHZiLmpwZyIsInNsaWRlc2hvdyI6ImE4MzRkNWYifQ%3D%3D\"><img loading=\"lazy\" src=\"https:\/\/patscheralm.com\/wp-content\/uploads\/2023\/11\/DSC00798tvb-1536x1025.jpg\" sizes=\"(max-width: 756px) 100vw, 756px\" srcset=\"https:\/\/patscheralm.com\/wp-content\/uploads\/2023\/11\/DSC00798tvb-1536x1025.jpg 1536w, https:\/\/patscheralm.com\/wp-content\/uploads\/2023\/11\/DSC00798tvb-300x200.jpg 300w, https:\/\/patscheralm.com\/wp-content\/uploads\/2023\/11\/DSC00798tvb-1024x683.jpg 1024w, https:\/\/patscheralm.com\/wp-content\/uploads\/2023\/11\/DSC00798tvb-768x512.jpg 768w, https:\/\/patscheralm.com\/wp-content\/uploads\/2023\/11\/DSC00798tvb-2048x1366.jpg 2048w\" alt=\"\" width=\"756\" height=\"504\"><\/a><\/figure>\n<figure class=\"gallery-item\"><a href=\"https:\/\/patscheralm.com\/wp-content\/uploads\/2023\/11\/DSC00831tvb.jpg\" data-elementor-open-lightbox=\"yes\" data-elementor-lightbox-slideshow=\"a834d5f\" data-elementor-lightbox-title=\"DSC00831tvb\" data-e-action-hash=\"#elementor-action%3Aaction%3Dlightbox%26settings%3DeyJpZCI6MjI0MywidXJsIjoiaHR0cHM6XC9cL3BhdHNjaGVyYWxtLmNvbVwvd3AtY29udGVudFwvdXBsb2Fkc1wvMjAyM1wvMTFcL0RTQzAwODMxdHZiLmpwZyIsInNsaWRlc2hvdyI6ImE4MzRkNWYifQ%3D%3D\"><img loading=\"lazy\" src=\"https:\/\/patscheralm.com\/wp-content\/uploads\/2023\/11\/DSC00831tvb-1536x1024.jpg\" sizes=\"(max-width: 756px) 100vw, 756px\" srcset=\"https:\/\/patscheralm.com\/wp-content\/uploads\/2023\/11\/DSC00831tvb-1536x1024.jpg 1536w, https:\/\/patscheralm.com\/wp-content\/uploads\/2023\/11\/DSC00831tvb-300x200.jpg 300w, https:\/\/patscheralm.com\/wp-content\/uploads\/2023\/11\/DSC00831tvb-1024x683.jpg 1024w, https:\/\/patscheralm.com\/wp-content\/uploads\/2023\/11\/DSC00831tvb-768x512.jpg 768w, https:\/\/patscheralm.com\/wp-content\/uploads\/2023\/11\/DSC00831tvb-2048x1366.jpg 2048w\" alt=\"\" width=\"756\" height=\"504\"><\/a><\/figure>\n<figure class=\"gallery-item\"><a href=\"https:\/\/patscheralm.com\/wp-content\/uploads\/2023\/11\/DSC00888tvb.jpg\" data-elementor-open-lightbox=\"yes\" data-elementor-lightbox-slideshow=\"a834d5f\" data-elementor-lightbox-title=\"DSC00888tvb\" data-e-action-hash=\"#elementor-action%3Aaction%3Dlightbox%26settings%3DeyJpZCI6MjI0NCwidXJsIjoiaHR0cHM6XC9cL3BhdHNjaGVyYWxtLmNvbVwvd3AtY29udGVudFwvdXBsb2Fkc1wvMjAyM1wvMTFcL0RTQzAwODg4dHZiLmpwZyIsInNsaWRlc2hvdyI6ImE4MzRkNWYifQ%3D%3D\"><img loading=\"lazy\" src=\"https:\/\/patscheralm.com\/wp-content\/uploads\/2023\/11\/DSC00888tvb-1536x1024.jpg\" sizes=\"(max-width: 756px) 100vw, 756px\" srcset=\"https:\/\/patscheralm.com\/wp-content\/uploads\/2023\/11\/DSC00888tvb-1536x1024.jpg 1536w, https:\/\/patscheralm.com\/wp-content\/uploads\/2023\/11\/DSC00888tvb-300x200.jpg 300w, https:\/\/patscheralm.com\/wp-content\/uploads\/2023\/11\/DSC00888tvb-1024x683.jpg 1024w, https:\/\/patscheralm.com\/wp-content\/uploads\/2023\/11\/DSC00888tvb-768x512.jpg 768w, https:\/\/patscheralm.com\/wp-content\/uploads\/2023\/11\/DSC00888tvb-2048x1366.jpg 2048w\" alt=\"\" width=\"756\" height=\"504\"><\/a><\/figure>\n<figure class=\"gallery-item\"><a href=\"https:\/\/patscheralm.com\/wp-content\/uploads\/2023\/12\/DSC00470tvb.jpg\" data-elementor-open-lightbox=\"yes\" data-elementor-lightbox-slideshow=\"a834d5f\" data-elementor-lightbox-title=\"DSC00470tvb\" data-e-action-hash=\"#elementor-action%3Aaction%3Dlightbox%26settings%3DeyJpZCI6MTE2NTEsInVybCI6Imh0dHBzOlwvXC9wYXRzY2hlcmFsbS5jb21cL3dwLWNvbnRlbnRcL3VwbG9hZHNcLzIwMjNcLzEyXC9EU0MwMDQ3MHR2Yi5qcGciLCJzbGlkZXNob3ciOiJhODM0ZDVmIn0%3D\"><img loading=\"lazy\" src=\"https:\/\/patscheralm.com\/wp-content\/uploads\/2023\/12\/DSC00470tvb-1536x1024.jpg\" sizes=\"(max-width: 756px) 100vw, 756px\" srcset=\"https:\/\/patscheralm.com\/wp-content\/uploads\/2023\/12\/DSC00470tvb-1536x1024.jpg 1536w, https:\/\/patscheralm.com\/wp-content\/uploads\/2023\/12\/DSC00470tvb-300x200.jpg 300w, https:\/\/patscheralm.com\/wp-content\/uploads\/2023\/12\/DSC00470tvb-1024x683.jpg 1024w, https:\/\/patscheralm.com\/wp-content\/uploads\/2023\/12\/DSC00470tvb-768x512.jpg 768w, https:\/\/patscheralm.com\/wp-content\/uploads\/2023\/12\/DSC00470tvb-2048x1366.jpg 2048w, https:\/\/patscheralm.com\/wp-content\/uploads\/2023\/12\/DSC00470tvb-1400x934.jpg 1400w, https:\/\/patscheralm.com\/wp-content\/uploads\/2023\/12\/DSC00470tvb-800x533.jpg 800w\" alt=\"\" width=\"756\" height=\"504\"><\/a><\/figure>\n","protected":false},"excerpt":{"rendered":"<p>Der Almsommer auf der Patscher Alm ist gepr\u00e4gt von tollen Sonnenunterg\u00e4ngen, Ausblicken ins Stubaital, das Wipptal und das Inntal. Bestem Essen und uriger H\u00fcttenatmosph\u00e4re<\/p>\n","protected":false},"author":1,"featured_media":0,"parent":0,"menu_order":0,"comment_status":"closed","ping_status":"closed","template":"","meta":{"ngg_post_thumbnail":0},"aioseo_notices":[],"_links":{"self":[{"href":"https:\/\/patscheralm.com\/index.php?rest_route=\/wp\/v2\/pages\/2234"}],"collection":[{"href":"https:\/\/patscheralm.com\/index.php?rest_route=\/wp\/v2\/pages"}],"about":[{"href":"https:\/\/patscheralm.com\/index.php?rest_route=\/wp\/v2\/types\/page"}],"author":[{"embeddable":true,"href":"https:\/\/patscheralm.com\/index.php?rest_route=\/wp\/v2\/users\/1"}],"replies":[{"embeddable":true,"href":"https:\/\/patscheralm.com\/index.php?rest_route=%2Fwp%2Fv2%2Fcomments&post=2234"}],"version-history":[{"count":46,"href":"https:\/\/patscheralm.com\/index.php?rest_route=\/wp\/v2\/pages\/2234\/revisions"}],"predecessor-version":[{"id":11781,"href":"https:\/\/patscheralm.com\/index.php?rest_route=\/wp\/v2\/pages\/2234\/revisions\/11781"}],"wp:attachment":[{"href":"https:\/\/patscheralm.com\/index.php?rest_route=%2Fwp%2Fv2%2Fmedia&parent=2234"}],"curies":[{"name":"wp","href":"https:\/\/api.w.org\/{rel}","templated":true}]}}