{"id":2273,"date":"2023-11-30T18:24:33","date_gmt":"2023-11-30T18:24:33","guid":{"rendered":"https:\/\/patscheralm.com\/?page_id=2273"},"modified":"2024-11-04T08:54:30","modified_gmt":"2024-11-04T08:54:30","slug":"speisekarte","status":"publish","type":"page","link":"https:\/\/patscheralm.com\/?page_id=2273","title":{"rendered":"Speisekarte"},"content":{"rendered":"<p>Wir kochen ausschlie\u00dflich mit regionalen, frischen Produkten und authentisch, wie man eben auf einer Alm kocht. Deshalb ist unsere Speisekarte nicht allzu gro\u00df, aber die Schmankerln die wir euch zubereiten, machen wir mit Herz.<\/p>\n<style>\/*! elementor - v3.18.0 - 20-12-2023 *\/<br \/>.elementor-widget-image{text-align:center}.elementor-widget-image a{display:inline-block}.elementor-widget-image a img[src$=\".svg\"]{width:48px}.elementor-widget-image img{vertical-align:middle;display:inline-block}<\/style>\n<p><img loading=\"lazy\" src=\"https:\/\/patscheralm.com\/wp-content\/uploads\/2023\/12\/IMG_0385large.jpg\" sizes=\"(max-width: 2048px) 100vw, 2048px\" srcset=\"https:\/\/patscheralm.com\/wp-content\/uploads\/2023\/12\/IMG_0385large.jpg 2048w, https:\/\/patscheralm.com\/wp-content\/uploads\/2023\/12\/IMG_0385large-300x103.jpg 300w, https:\/\/patscheralm.com\/wp-content\/uploads\/2023\/12\/IMG_0385large-1024x352.jpg 1024w, https:\/\/patscheralm.com\/wp-content\/uploads\/2023\/12\/IMG_0385large-768x264.jpg 768w, https:\/\/patscheralm.com\/wp-content\/uploads\/2023\/12\/IMG_0385large-1536x528.jpg 1536w, https:\/\/patscheralm.com\/wp-content\/uploads\/2023\/12\/IMG_0385large-1400x481.jpg 1400w, https:\/\/patscheralm.com\/wp-content\/uploads\/2023\/12\/IMG_0385large-800x275.jpg 800w\" alt=\"\" width=\"2048\" height=\"704\"><\/p>\n<style>\/*! elementor - v3.18.0 - 20-12-2023 *\/<br \/>.elementor-column .elementor-spacer-inner{height:var(--spacer-size)}.e-con{--container-widget-width:100%}.e-con-inner>.elementor-widget-spacer,.e-con>.elementor-widget-spacer{width:var(--container-widget-width,var(--spacer-size));--align-self:var(--container-widget-align-self,initial);--flex-shrink:0}.e-con-inner>.elementor-widget-spacer>.elementor-widget-container,.e-con>.elementor-widget-spacer>.elementor-widget-container{height:100%;width:100%}.e-con-inner>.elementor-widget-spacer>.elementor-widget-container>.elementor-spacer,.e-con>.elementor-widget-spacer>.elementor-widget-container>.elementor-spacer{height:100%}.e-con-inner>.elementor-widget-spacer>.elementor-widget-container>.elementor-spacer>.elementor-spacer-inner,.e-con>.elementor-widget-spacer>.elementor-widget-container>.elementor-spacer>.elementor-spacer-inner{height:var(--container-widget-height,var(--spacer-size))}.e-con-inner>.elementor-widget-spacer.elementor-widget-empty,.e-con>.elementor-widget-spacer.elementor-widget-empty{position:relative;min-height:22px;min-width:22px}.e-con-inner>.elementor-widget-spacer.elementor-widget-empty .elementor-widget-empty-icon,.e-con>.elementor-widget-spacer.elementor-widget-empty .elementor-widget-empty-icon{position:absolute;top:0;bottom:0;left:0;right:0;margin:auto;padding:0;width:22px;height:22px}<\/style>\n<h3><strong>Unsere hausgemachten Kn\u00f6del (A,C,G,L,M,O)<\/strong><\/h3>\n<ul>\n<li>Kaspresskn\u00f6del mit Suppe<\/li>\n<li>Kaspresskn\u00f6del mit Kraut<\/li>\n<li>Kaspresskn\u00f6del mit Salat<\/li>\n<\/ul>\n<ul>\n<li>Speckkn\u00f6del mit Suppe<\/li>\n<li>Speckkn\u00f6del mit Kraut<\/li>\n<li>Speckkn\u00f6del mit Salat<\/li>\n<\/ul>\n<ul>\n<li>Spinatkn\u00f6del (2 St\u00fcck)<\/li>\n<li>Leberkn\u00f6del mit Kartoffelsalat<\/li>\n<li>Leberkn\u00f6del mit Suppe<\/li>\n<li>vegetarischer Gem\u00fcsestrudel mit Dipsauce und Salat<\/li>\n<\/ul>\n<ul>\n<li>f\u00fcr den gro\u00dfen Hunger 2. Kn\u00f6del<\/li>\n<li>Portion Kraut<\/li>\n<li>Gemischter Salat<\/li>\n<\/ul>\n<h3><strong>Unsere Suppen<\/strong><\/h3>\n<ul>\n<li>Gulaschsuppe (A, C, G, I)<\/li>\n<li>Nudelsuppe mit ganzem W\u00fcrstl (A, C, G, I)<\/li>\n<\/ul>\n<h3><strong>W\u00fcrstl<\/strong><\/h3>\n<ul>\n<li>Piegger&#8217;s Rostbratw\u00fcrstl mit Kraut (A, C, G, L, M, O)<\/li>\n<li>Piegger&#8217;s Rostbratw\u00fcrstl mit Brot (A, C, G, L, M, O)<\/li>\n<li>Frankfurter mit Brot (L, M)<\/li>\n<\/ul>\n<h3><strong>a Jaus&#8217;n<\/strong><\/h3>\n<ul>\n<li>Grauer Kas mit Brot (G, L)<\/li>\n<li>Saure Wurst mit Brot (L, M)<\/li>\n<li>Halb Halb mit Brot (A, G, L)<\/li>\n<li>extra Brot (A, G)<\/li>\n<\/ul>\n<h3><strong>Kuchen<\/strong><\/h3>\n<ul>\n<li>Apfel -oder Topfenstrudel (A, C, G, E, H)<\/li>\n<li>Kuchen nach Angebot (A, C, G, E, H)&nbsp;<\/li>\n<\/ul>\n<style>\/*! elementor - v3.18.0 - 20-12-2023 *\/<br \/>.elementor-image-gallery .gallery-item{display:inline-block;text-align:center;vertical-align:top;width:100%;max-width:100%;margin:0 auto}.elementor-image-gallery .gallery-item img{margin:0 auto}.elementor-image-gallery .gallery-item .gallery-caption{margin:0}.elementor-image-gallery figure img{display:block}.elementor-image-gallery figure figcaption{width:100%}.gallery-spacing-custom .elementor-image-gallery .gallery-icon{padding:0}@media (min-width:768px){.elementor-image-gallery .gallery-columns-2 .gallery-item{max-width:50%}.elementor-image-gallery .gallery-columns-3 .gallery-item{max-width:33.33%}.elementor-image-gallery .gallery-columns-4 .gallery-item{max-width:25%}.elementor-image-gallery .gallery-columns-5 .gallery-item{max-width:20%}.elementor-image-gallery .gallery-columns-6 .gallery-item{max-width:16.666%}.elementor-image-gallery .gallery-columns-7 .gallery-item{max-width:14.28%}.elementor-image-gallery .gallery-columns-8 .gallery-item{max-width:12.5%}.elementor-image-gallery .gallery-columns-9 .gallery-item{max-width:11.11%}.elementor-image-gallery .gallery-columns-10 .gallery-item{max-width:10%}}@media (min-width:480px) and (max-width:767px){.elementor-image-gallery .gallery.gallery-columns-2 .gallery-item,.elementor-image-gallery .gallery.gallery-columns-3 .gallery-item,.elementor-image-gallery .gallery.gallery-columns-4 .gallery-item,.elementor-image-gallery .gallery.gallery-columns-5 .gallery-item,.elementor-image-gallery .gallery.gallery-columns-6 .gallery-item,.elementor-image-gallery .gallery.gallery-columns-7 .gallery-item,.elementor-image-gallery .gallery.gallery-columns-8 .gallery-item,.elementor-image-gallery .gallery.gallery-columns-9 .gallery-item,.elementor-image-gallery .gallery.gallery-columns-10 .gallery-item{max-width:50%}}@media (max-width:479px){.elementor-image-gallery .gallery.gallery-columns-2 .gallery-item,.elementor-image-gallery .gallery.gallery-columns-3 .gallery-item,.elementor-image-gallery .gallery.gallery-columns-4 .gallery-item,.elementor-image-gallery .gallery.gallery-columns-5 .gallery-item,.elementor-image-gallery .gallery.gallery-columns-6 .gallery-item,.elementor-image-gallery .gallery.gallery-columns-7 .gallery-item,.elementor-image-gallery .gallery.gallery-columns-8 .gallery-item,.elementor-image-gallery .gallery.gallery-columns-9 .gallery-item,.elementor-image-gallery .gallery.gallery-columns-10 .gallery-item{max-width:100%}}<\/style>\n<figure class=\"gallery-item\"><a href=\"https:\/\/patscheralm.com\/wp-content\/uploads\/2024\/01\/P2340015.jpg\" data-elementor-open-lightbox=\"yes\" data-elementor-lightbox-slideshow=\"183ed74\" data-elementor-lightbox-title=\"P2340015\" data-e-action-hash=\"#elementor-action%3Aaction%3Dlightbox%26settings%3DeyJpZCI6MTE4MDAsInVybCI6Imh0dHBzOlwvXC9wYXRzY2hlcmFsbS5jb21cL3dwLWNvbnRlbnRcL3VwbG9hZHNcLzIwMjRcLzAxXC9QMjM0MDAxNS5qcGciLCJzbGlkZXNob3ciOiIxODNlZDc0In0%3D\"><img loading=\"lazy\" src=\"https:\/\/patscheralm.com\/wp-content\/uploads\/2024\/01\/P2340015-1536x1024.jpg\" sizes=\"(max-width: 756px) 100vw, 756px\" srcset=\"https:\/\/patscheralm.com\/wp-content\/uploads\/2024\/01\/P2340015-1536x1024.jpg 1536w, https:\/\/patscheralm.com\/wp-content\/uploads\/2024\/01\/P2340015-300x200.jpg 300w, https:\/\/patscheralm.com\/wp-content\/uploads\/2024\/01\/P2340015-1024x683.jpg 1024w, https:\/\/patscheralm.com\/wp-content\/uploads\/2024\/01\/P2340015-768x512.jpg 768w, https:\/\/patscheralm.com\/wp-content\/uploads\/2024\/01\/P2340015-1400x933.jpg 1400w, https:\/\/patscheralm.com\/wp-content\/uploads\/2024\/01\/P2340015-800x533.jpg 800w, https:\/\/patscheralm.com\/wp-content\/uploads\/2024\/01\/P2340015.jpg 1920w\" alt=\"\" width=\"756\" height=\"504\"><\/a><\/figure>\n<figure class=\"gallery-item\"><a href=\"https:\/\/patscheralm.com\/wp-content\/uploads\/2023\/11\/IMG_0165tvb.jpg\" data-elementor-open-lightbox=\"yes\" data-elementor-lightbox-slideshow=\"183ed74\" data-elementor-lightbox-title=\"IMG_0165tvb\" data-e-action-hash=\"#elementor-action%3Aaction%3Dlightbox%26settings%3DeyJpZCI6MjE3NiwidXJsIjoiaHR0cHM6XC9cL3BhdHNjaGVyYWxtLmNvbVwvd3AtY29udGVudFwvdXBsb2Fkc1wvMjAyM1wvMTFcL0lNR18wMTY1dHZiLmpwZyIsInNsaWRlc2hvdyI6IjE4M2VkNzQifQ%3D%3D\"><img loading=\"lazy\" src=\"https:\/\/patscheralm.com\/wp-content\/uploads\/2023\/11\/IMG_0165tvb-1536x1024.jpg\" sizes=\"(max-width: 756px) 100vw, 756px\" srcset=\"https:\/\/patscheralm.com\/wp-content\/uploads\/2023\/11\/IMG_0165tvb-1536x1024.jpg 1536w, https:\/\/patscheralm.com\/wp-content\/uploads\/2023\/11\/IMG_0165tvb-300x200.jpg 300w, https:\/\/patscheralm.com\/wp-content\/uploads\/2023\/11\/IMG_0165tvb-1024x683.jpg 1024w, https:\/\/patscheralm.com\/wp-content\/uploads\/2023\/11\/IMG_0165tvb-768x512.jpg 768w, https:\/\/patscheralm.com\/wp-content\/uploads\/2023\/11\/IMG_0165tvb.jpg 1600w\" alt=\"\" width=\"756\" height=\"504\"><\/a><\/figure>\n<figure class=\"gallery-item\"><a href=\"https:\/\/patscheralm.com\/wp-content\/uploads\/2024\/01\/P2340013.jpg\" data-elementor-open-lightbox=\"yes\" data-elementor-lightbox-slideshow=\"183ed74\" data-elementor-lightbox-title=\"P2340013\" data-e-action-hash=\"#elementor-action%3Aaction%3Dlightbox%26settings%3DeyJpZCI6MTE3OTksInVybCI6Imh0dHBzOlwvXC9wYXRzY2hlcmFsbS5jb21cL3dwLWNvbnRlbnRcL3VwbG9hZHNcLzIwMjRcLzAxXC9QMjM0MDAxMy5qcGciLCJzbGlkZXNob3ciOiIxODNlZDc0In0%3D\"><img loading=\"lazy\" src=\"https:\/\/patscheralm.com\/wp-content\/uploads\/2024\/01\/P2340013-1536x1024.jpg\" sizes=\"(max-width: 756px) 100vw, 756px\" srcset=\"https:\/\/patscheralm.com\/wp-content\/uploads\/2024\/01\/P2340013-1536x1024.jpg 1536w, https:\/\/patscheralm.com\/wp-content\/uploads\/2024\/01\/P2340013-300x200.jpg 300w, https:\/\/patscheralm.com\/wp-content\/uploads\/2024\/01\/P2340013-1024x683.jpg 1024w, https:\/\/patscheralm.com\/wp-content\/uploads\/2024\/01\/P2340013-768x512.jpg 768w, https:\/\/patscheralm.com\/wp-content\/uploads\/2024\/01\/P2340013-1400x933.jpg 1400w, https:\/\/patscheralm.com\/wp-content\/uploads\/2024\/01\/P2340013-800x533.jpg 800w, https:\/\/patscheralm.com\/wp-content\/uploads\/2024\/01\/P2340013.jpg 1920w\" alt=\"\" width=\"756\" height=\"504\"><\/a><\/figure>\n<figure class=\"gallery-item\"><a href=\"https:\/\/patscheralm.com\/wp-content\/uploads\/2023\/12\/IMG_0385.jpg\" data-elementor-open-lightbox=\"yes\" data-elementor-lightbox-slideshow=\"183ed74\" data-elementor-lightbox-title=\"IMG_0385\" data-e-action-hash=\"#elementor-action%3Aaction%3Dlightbox%26settings%3DeyJpZCI6MTE2MDAsInVybCI6Imh0dHBzOlwvXC9wYXRzY2hlcmFsbS5jb21cL3dwLWNvbnRlbnRcL3VwbG9hZHNcLzIwMjNcLzEyXC9JTUdfMDM4NS5qcGciLCJzbGlkZXNob3ciOiIxODNlZDc0In0%3D\"><img loading=\"lazy\" src=\"https:\/\/patscheralm.com\/wp-content\/uploads\/2023\/12\/IMG_0385-1536x1024.jpg\" sizes=\"(max-width: 756px) 100vw, 756px\" srcset=\"https:\/\/patscheralm.com\/wp-content\/uploads\/2023\/12\/IMG_0385-1536x1024.jpg 1536w, https:\/\/patscheralm.com\/wp-content\/uploads\/2023\/12\/IMG_0385-300x200.jpg 300w, https:\/\/patscheralm.com\/wp-content\/uploads\/2023\/12\/IMG_0385-1024x683.jpg 1024w, https:\/\/patscheralm.com\/wp-content\/uploads\/2023\/12\/IMG_0385-768x512.jpg 768w, https:\/\/patscheralm.com\/wp-content\/uploads\/2023\/12\/IMG_0385-1400x933.jpg 1400w, https:\/\/patscheralm.com\/wp-content\/uploads\/2023\/12\/IMG_0385-800x533.jpg 800w, https:\/\/patscheralm.com\/wp-content\/uploads\/2023\/12\/IMG_0385.jpg 2048w\" alt=\"\" width=\"756\" height=\"504\"><\/a><\/figure>\n<figure class=\"gallery-item\"><a href=\"https:\/\/patscheralm.com\/wp-content\/uploads\/2024\/01\/P2340007.jpg\" data-elementor-open-lightbox=\"yes\" data-elementor-lightbox-slideshow=\"183ed74\" data-elementor-lightbox-title=\"P2340007\" data-e-action-hash=\"#elementor-action%3Aaction%3Dlightbox%26settings%3DeyJpZCI6MTE3OTgsInVybCI6Imh0dHBzOlwvXC9wYXRzY2hlcmFsbS5jb21cL3dwLWNvbnRlbnRcL3VwbG9hZHNcLzIwMjRcLzAxXC9QMjM0MDAwNy5qcGciLCJzbGlkZXNob3ciOiIxODNlZDc0In0%3D\"><img loading=\"lazy\" src=\"https:\/\/patscheralm.com\/wp-content\/uploads\/2024\/01\/P2340007-1536x1024.jpg\" sizes=\"(max-width: 756px) 100vw, 756px\" srcset=\"https:\/\/patscheralm.com\/wp-content\/uploads\/2024\/01\/P2340007-1536x1024.jpg 1536w, https:\/\/patscheralm.com\/wp-content\/uploads\/2024\/01\/P2340007-300x200.jpg 300w, https:\/\/patscheralm.com\/wp-content\/uploads\/2024\/01\/P2340007-1024x683.jpg 1024w, https:\/\/patscheralm.com\/wp-content\/uploads\/2024\/01\/P2340007-768x512.jpg 768w, https:\/\/patscheralm.com\/wp-content\/uploads\/2024\/01\/P2340007-1400x933.jpg 1400w, https:\/\/patscheralm.com\/wp-content\/uploads\/2024\/01\/P2340007-800x533.jpg 800w, https:\/\/patscheralm.com\/wp-content\/uploads\/2024\/01\/P2340007.jpg 1920w\" alt=\"\" width=\"756\" height=\"504\"><\/a><\/figure>\n<figure class=\"gallery-item\"><a href=\"https:\/\/patscheralm.com\/wp-content\/uploads\/2024\/01\/P2340003.jpg\" data-elementor-open-lightbox=\"yes\" data-elementor-lightbox-slideshow=\"183ed74\" data-elementor-lightbox-title=\"P2340003\" data-e-action-hash=\"#elementor-action%3Aaction%3Dlightbox%26settings%3DeyJpZCI6MTE3OTcsInVybCI6Imh0dHBzOlwvXC9wYXRzY2hlcmFsbS5jb21cL3dwLWNvbnRlbnRcL3VwbG9hZHNcLzIwMjRcLzAxXC9QMjM0MDAwMy5qcGciLCJzbGlkZXNob3ciOiIxODNlZDc0In0%3D\"><img loading=\"lazy\" src=\"https:\/\/patscheralm.com\/wp-content\/uploads\/2024\/01\/P2340003-1536x1024.jpg\" sizes=\"(max-width: 756px) 100vw, 756px\" srcset=\"https:\/\/patscheralm.com\/wp-content\/uploads\/2024\/01\/P2340003-1536x1024.jpg 1536w, https:\/\/patscheralm.com\/wp-content\/uploads\/2024\/01\/P2340003-300x200.jpg 300w, https:\/\/patscheralm.com\/wp-content\/uploads\/2024\/01\/P2340003-1024x683.jpg 1024w, https:\/\/patscheralm.com\/wp-content\/uploads\/2024\/01\/P2340003-768x512.jpg 768w, https:\/\/patscheralm.com\/wp-content\/uploads\/2024\/01\/P2340003-1400x933.jpg 1400w, https:\/\/patscheralm.com\/wp-content\/uploads\/2024\/01\/P2340003-800x533.jpg 800w, https:\/\/patscheralm.com\/wp-content\/uploads\/2024\/01\/P2340003.jpg 1920w\" alt=\"\" width=\"756\" height=\"504\"><\/a><\/figure>\n","protected":false},"excerpt":{"rendered":"<p>Wir kochen ausschlie\u00dflich mit regionalen, frischen Produkten und authentisch, wie man eben auf einer Alm kocht. Deshalb ist unsere Speisekarte nicht allzu gro\u00df, aber die Schmankerln die wir euch zubereiten, machen wir mit Herz. Unsere hausgemachten Kn\u00f6del (A,C,G,L,M,O) Kaspresskn\u00f6del mit Suppe Kaspresskn\u00f6del mit Kraut Kaspresskn\u00f6del mit Salat Speckkn\u00f6del mit Suppe Speckkn\u00f6del mit Kraut Speckkn\u00f6del mit Salat Spinatkn\u00f6del (2 St\u00fcck) Leberkn\u00f6del mit Kartoffelsalat Leberkn\u00f6del mit Suppe vegetarischer Gem\u00fcsestrudel mit Dipsauce und Salat f\u00fcr den gro\u00dfen Hunger 2. Kn\u00f6del Portion Kraut Gemischter [&hellip;]<\/p>\n","protected":false},"author":1,"featured_media":11600,"parent":0,"menu_order":0,"comment_status":"closed","ping_status":"closed","template":"","meta":{"ngg_post_thumbnail":0},"aioseo_notices":[],"_links":{"self":[{"href":"https:\/\/patscheralm.com\/index.php?rest_route=\/wp\/v2\/pages\/2273"}],"collection":[{"href":"https:\/\/patscheralm.com\/index.php?rest_route=\/wp\/v2\/pages"}],"about":[{"href":"https:\/\/patscheralm.com\/index.php?rest_route=\/wp\/v2\/types\/page"}],"author":[{"embeddable":true,"href":"https:\/\/patscheralm.com\/index.php?rest_route=\/wp\/v2\/users\/1"}],"replies":[{"embeddable":true,"href":"https:\/\/patscheralm.com\/index.php?rest_route=%2Fwp%2Fv2%2Fcomments&post=2273"}],"version-history":[{"count":40,"href":"https:\/\/patscheralm.com\/index.php?rest_route=\/wp\/v2\/pages\/2273\/revisions"}],"predecessor-version":[{"id":11836,"href":"https:\/\/patscheralm.com\/index.php?rest_route=\/wp\/v2\/pages\/2273\/revisions\/11836"}],"wp:featuredmedia":[{"embeddable":true,"href":"https:\/\/patscheralm.com\/index.php?rest_route=\/wp\/v2\/media\/11600"}],"wp:attachment":[{"href":"https:\/\/patscheralm.com\/index.php?rest_route=%2Fwp%2Fv2%2Fmedia&parent=2273"}],"curies":[{"name":"wp","href":"https:\/\/api.w.org\/{rel}","templated":true}]}}