{"id":674,"date":"2017-11-17T11:56:58","date_gmt":"2017-11-17T11:56:58","guid":{"rendered":"https:\/\/demo-storage.com\/pm\/wp\/aurel\/dark\/?page_id=674"},"modified":"2023-12-12T12:00:44","modified_gmt":"2023-12-12T12:00:44","slug":"kenburns-gallery","status":"publish","type":"page","link":"https:\/\/patscheralm.com\/?page_id=674","title":{"rendered":"Patscher Alm im Winter"},"content":{"rendered":"<p>Direkt an der Familienabfahrt gelegen ist die Patscher Alm im Winter ein perfektes Einkehrziel. Die gro\u00dfe Sonnenterasse l\u00e4dt zum gem\u00fctlichen sitzen ein und in den Liegest\u00fchlen l\u00e4sst sich die Sonne herrlich genie\u00dfen. Die regionalen Schmankerln runden das ganze ab. Winter Wonderland!<\/p>\n<style>\/*! elementor - v3.18.0 - 08-12-2023 *\/\n.elementor-image-gallery .gallery-item{display:inline-block;text-align:center;vertical-align:top;width:100%;max-width:100%;margin:0 auto}.elementor-image-gallery .gallery-item img{margin:0 auto}.elementor-image-gallery .gallery-item .gallery-caption{margin:0}.elementor-image-gallery figure img{display:block}.elementor-image-gallery figure figcaption{width:100%}.gallery-spacing-custom .elementor-image-gallery .gallery-icon{padding:0}@media (min-width:768px){.elementor-image-gallery .gallery-columns-2 .gallery-item{max-width:50%}.elementor-image-gallery .gallery-columns-3 .gallery-item{max-width:33.33%}.elementor-image-gallery .gallery-columns-4 .gallery-item{max-width:25%}.elementor-image-gallery .gallery-columns-5 .gallery-item{max-width:20%}.elementor-image-gallery .gallery-columns-6 .gallery-item{max-width:16.666%}.elementor-image-gallery .gallery-columns-7 .gallery-item{max-width:14.28%}.elementor-image-gallery .gallery-columns-8 .gallery-item{max-width:12.5%}.elementor-image-gallery .gallery-columns-9 .gallery-item{max-width:11.11%}.elementor-image-gallery .gallery-columns-10 .gallery-item{max-width:10%}}@media (min-width:480px) and (max-width:767px){.elementor-image-gallery .gallery.gallery-columns-2 .gallery-item,.elementor-image-gallery .gallery.gallery-columns-3 .gallery-item,.elementor-image-gallery .gallery.gallery-columns-4 .gallery-item,.elementor-image-gallery .gallery.gallery-columns-5 .gallery-item,.elementor-image-gallery .gallery.gallery-columns-6 .gallery-item,.elementor-image-gallery .gallery.gallery-columns-7 .gallery-item,.elementor-image-gallery .gallery.gallery-columns-8 .gallery-item,.elementor-image-gallery .gallery.gallery-columns-9 .gallery-item,.elementor-image-gallery .gallery.gallery-columns-10 .gallery-item{max-width:50%}}@media (max-width:479px){.elementor-image-gallery .gallery.gallery-columns-2 .gallery-item,.elementor-image-gallery .gallery.gallery-columns-3 .gallery-item,.elementor-image-gallery .gallery.gallery-columns-4 .gallery-item,.elementor-image-gallery .gallery.gallery-columns-5 .gallery-item,.elementor-image-gallery .gallery.gallery-columns-6 .gallery-item,.elementor-image-gallery .gallery.gallery-columns-7 .gallery-item,.elementor-image-gallery .gallery.gallery-columns-8 .gallery-item,.elementor-image-gallery .gallery.gallery-columns-9 .gallery-item,.elementor-image-gallery .gallery.gallery-columns-10 .gallery-item{max-width:100%}}<\/style>\n<figure class='gallery-item'>\n\t\t\t\t<a data-elementor-open-lightbox=\"yes\" data-elementor-lightbox-slideshow=\"f45f852\" data-elementor-lightbox-title=\"DSC01397tvb_PatscherAlm\" data-e-action-hash=\"#elementor-action%3Aaction%3Dlightbox%26settings%3DeyJpZCI6MjE3MiwidXJsIjoiaHR0cHM6XC9cL3BhdHNjaGVyYWxtLmNvbVwvd3AtY29udGVudFwvdXBsb2Fkc1wvMjAyM1wvMTFcL0RTQzAxMzk3dHZiX1BhdHNjaGVyQWxtLmpwZyIsInNsaWRlc2hvdyI6ImY0NWY4NTIifQ%3D%3D\" href='https:\/\/patscheralm.com\/wp-content\/uploads\/2023\/11\/DSC01397tvb_PatscherAlm.jpg'><img loading=\"lazy\" width=\"756\" height=\"504\" src=\"https:\/\/patscheralm.com\/wp-content\/uploads\/2023\/11\/DSC01397tvb_PatscherAlm-1536x1024.jpg\" alt=\"\" decoding=\"async\" srcset=\"https:\/\/patscheralm.com\/wp-content\/uploads\/2023\/11\/DSC01397tvb_PatscherAlm-1536x1024.jpg 1536w, https:\/\/patscheralm.com\/wp-content\/uploads\/2023\/11\/DSC01397tvb_PatscherAlm-300x200.jpg 300w, https:\/\/patscheralm.com\/wp-content\/uploads\/2023\/11\/DSC01397tvb_PatscherAlm-1024x683.jpg 1024w, https:\/\/patscheralm.com\/wp-content\/uploads\/2023\/11\/DSC01397tvb_PatscherAlm-768x512.jpg 768w, https:\/\/patscheralm.com\/wp-content\/uploads\/2023\/11\/DSC01397tvb_PatscherAlm.jpg 1600w\" sizes=\"(max-width: 756px) 100vw, 756px\" \/><\/a><br \/>\n\t\t\t<\/figure>\n<figure class='gallery-item'>\n\t\t\t\t<a data-elementor-open-lightbox=\"yes\" data-elementor-lightbox-slideshow=\"f45f852\" data-elementor-lightbox-title=\"DSC01391\" data-e-action-hash=\"#elementor-action%3Aaction%3Dlightbox%26settings%3DeyJpZCI6MjE3MSwidXJsIjoiaHR0cHM6XC9cL3BhdHNjaGVyYWxtLmNvbVwvd3AtY29udGVudFwvdXBsb2Fkc1wvMjAyM1wvMTFcL0RTQzAxMzkxLmpwZyIsInNsaWRlc2hvdyI6ImY0NWY4NTIifQ%3D%3D\" href='https:\/\/patscheralm.com\/wp-content\/uploads\/2023\/11\/DSC01391.jpg'><img loading=\"lazy\" width=\"756\" height=\"504\" src=\"https:\/\/patscheralm.com\/wp-content\/uploads\/2023\/11\/DSC01391-1536x1024.jpg\" alt=\"\" decoding=\"async\" srcset=\"https:\/\/patscheralm.com\/wp-content\/uploads\/2023\/11\/DSC01391-1536x1024.jpg 1536w, https:\/\/patscheralm.com\/wp-content\/uploads\/2023\/11\/DSC01391-300x200.jpg 300w, https:\/\/patscheralm.com\/wp-content\/uploads\/2023\/11\/DSC01391-1024x683.jpg 1024w, https:\/\/patscheralm.com\/wp-content\/uploads\/2023\/11\/DSC01391-768x512.jpg 768w, https:\/\/patscheralm.com\/wp-content\/uploads\/2023\/11\/DSC01391.jpg 1600w\" sizes=\"(max-width: 756px) 100vw, 756px\" \/><\/a><br \/>\n\t\t\t<\/figure>\n<figure class='gallery-item'>\n\t\t\t\t<a data-elementor-open-lightbox=\"yes\" data-elementor-lightbox-slideshow=\"f45f852\" data-elementor-lightbox-title=\"IMG_0134-Pano-tvb\" data-e-action-hash=\"#elementor-action%3Aaction%3Dlightbox%26settings%3DeyJpZCI6MjE3MywidXJsIjoiaHR0cHM6XC9cL3BhdHNjaGVyYWxtLmNvbVwvd3AtY29udGVudFwvdXBsb2Fkc1wvMjAyM1wvMTFcL0lNR18wMTM0LVBhbm8tdHZiLmpwZyIsInNsaWRlc2hvdyI6ImY0NWY4NTIifQ%3D%3D\" href='https:\/\/patscheralm.com\/wp-content\/uploads\/2023\/11\/IMG_0134-Pano-tvb.jpg'><img loading=\"lazy\" width=\"756\" height=\"423\" src=\"https:\/\/patscheralm.com\/wp-content\/uploads\/2023\/11\/IMG_0134-Pano-tvb-1536x859.jpg\" alt=\"\" decoding=\"async\" srcset=\"https:\/\/patscheralm.com\/wp-content\/uploads\/2023\/11\/IMG_0134-Pano-tvb-1536x859.jpg 1536w, https:\/\/patscheralm.com\/wp-content\/uploads\/2023\/11\/IMG_0134-Pano-tvb-300x168.jpg 300w, https:\/\/patscheralm.com\/wp-content\/uploads\/2023\/11\/IMG_0134-Pano-tvb-1024x573.jpg 1024w, https:\/\/patscheralm.com\/wp-content\/uploads\/2023\/11\/IMG_0134-Pano-tvb-768x429.jpg 768w, https:\/\/patscheralm.com\/wp-content\/uploads\/2023\/11\/IMG_0134-Pano-tvb.jpg 2048w\" sizes=\"(max-width: 756px) 100vw, 756px\" \/><\/a><br \/>\n\t\t\t<\/figure>\n<figure class='gallery-item'>\n\t\t\t\t<a data-elementor-open-lightbox=\"yes\" data-elementor-lightbox-slideshow=\"f45f852\" data-elementor-lightbox-title=\"IMG_0165tvb_PatscherAlm\" data-e-action-hash=\"#elementor-action%3Aaction%3Dlightbox%26settings%3DeyJpZCI6MjE3NCwidXJsIjoiaHR0cHM6XC9cL3BhdHNjaGVyYWxtLmNvbVwvd3AtY29udGVudFwvdXBsb2Fkc1wvMjAyM1wvMTFcL0lNR18wMTY1dHZiX1BhdHNjaGVyQWxtLmpwZyIsInNsaWRlc2hvdyI6ImY0NWY4NTIifQ%3D%3D\" href='https:\/\/patscheralm.com\/wp-content\/uploads\/2023\/11\/IMG_0165tvb_PatscherAlm.jpg'><img loading=\"lazy\" width=\"756\" height=\"504\" src=\"https:\/\/patscheralm.com\/wp-content\/uploads\/2023\/11\/IMG_0165tvb_PatscherAlm-1536x1024.jpg\" alt=\"\" decoding=\"async\" srcset=\"https:\/\/patscheralm.com\/wp-content\/uploads\/2023\/11\/IMG_0165tvb_PatscherAlm-1536x1024.jpg 1536w, https:\/\/patscheralm.com\/wp-content\/uploads\/2023\/11\/IMG_0165tvb_PatscherAlm-300x200.jpg 300w, https:\/\/patscheralm.com\/wp-content\/uploads\/2023\/11\/IMG_0165tvb_PatscherAlm-1024x683.jpg 1024w, https:\/\/patscheralm.com\/wp-content\/uploads\/2023\/11\/IMG_0165tvb_PatscherAlm-768x512.jpg 768w, https:\/\/patscheralm.com\/wp-content\/uploads\/2023\/11\/IMG_0165tvb_PatscherAlm.jpg 1600w\" sizes=\"(max-width: 756px) 100vw, 756px\" \/><\/a><br \/>\n\t\t\t<\/figure>\n<figure class='gallery-item'>\n\t\t\t\t<a data-elementor-open-lightbox=\"yes\" data-elementor-lightbox-slideshow=\"f45f852\" data-elementor-lightbox-title=\"IMG_0167\" data-e-action-hash=\"#elementor-action%3Aaction%3Dlightbox%26settings%3DeyJpZCI6MjE3NSwidXJsIjoiaHR0cHM6XC9cL3BhdHNjaGVyYWxtLmNvbVwvd3AtY29udGVudFwvdXBsb2Fkc1wvMjAyM1wvMTFcL0lNR18wMTY3LmpwZyIsInNsaWRlc2hvdyI6ImY0NWY4NTIifQ%3D%3D\" href='https:\/\/patscheralm.com\/wp-content\/uploads\/2023\/11\/IMG_0167.jpg'><img loading=\"lazy\" width=\"756\" height=\"504\" src=\"https:\/\/patscheralm.com\/wp-content\/uploads\/2023\/11\/IMG_0167-1536x1024.jpg\" alt=\"\" decoding=\"async\" srcset=\"https:\/\/patscheralm.com\/wp-content\/uploads\/2023\/11\/IMG_0167-1536x1024.jpg 1536w, https:\/\/patscheralm.com\/wp-content\/uploads\/2023\/11\/IMG_0167-300x200.jpg 300w, https:\/\/patscheralm.com\/wp-content\/uploads\/2023\/11\/IMG_0167-1024x683.jpg 1024w, https:\/\/patscheralm.com\/wp-content\/uploads\/2023\/11\/IMG_0167-768x512.jpg 768w, https:\/\/patscheralm.com\/wp-content\/uploads\/2023\/11\/IMG_0167.jpg 1600w\" sizes=\"(max-width: 756px) 100vw, 756px\" \/><\/a><br \/>\n\t\t\t<\/figure>\n<figure class='gallery-item'>\n\t\t\t\t<a data-elementor-open-lightbox=\"yes\" data-elementor-lightbox-slideshow=\"f45f852\" data-elementor-lightbox-title=\"IMG_0165tvb\" data-e-action-hash=\"#elementor-action%3Aaction%3Dlightbox%26settings%3DeyJpZCI6MjE3NiwidXJsIjoiaHR0cHM6XC9cL3BhdHNjaGVyYWxtLmNvbVwvd3AtY29udGVudFwvdXBsb2Fkc1wvMjAyM1wvMTFcL0lNR18wMTY1dHZiLmpwZyIsInNsaWRlc2hvdyI6ImY0NWY4NTIifQ%3D%3D\" href='https:\/\/patscheralm.com\/wp-content\/uploads\/2023\/11\/IMG_0165tvb.jpg'><img loading=\"lazy\" width=\"756\" height=\"504\" src=\"https:\/\/patscheralm.com\/wp-content\/uploads\/2023\/11\/IMG_0165tvb-1536x1024.jpg\" alt=\"\" decoding=\"async\" srcset=\"https:\/\/patscheralm.com\/wp-content\/uploads\/2023\/11\/IMG_0165tvb-1536x1024.jpg 1536w, https:\/\/patscheralm.com\/wp-content\/uploads\/2023\/11\/IMG_0165tvb-300x200.jpg 300w, https:\/\/patscheralm.com\/wp-content\/uploads\/2023\/11\/IMG_0165tvb-1024x683.jpg 1024w, https:\/\/patscheralm.com\/wp-content\/uploads\/2023\/11\/IMG_0165tvb-768x512.jpg 768w, https:\/\/patscheralm.com\/wp-content\/uploads\/2023\/11\/IMG_0165tvb.jpg 1600w\" sizes=\"(max-width: 756px) 100vw, 756px\" \/><\/a><br \/>\n\t\t\t<\/figure>\n<figure class='gallery-item'>\n\t\t\t\t<a data-elementor-open-lightbox=\"yes\" data-elementor-lightbox-slideshow=\"f45f852\" data-elementor-lightbox-title=\"IMG_0319\" data-e-action-hash=\"#elementor-action%3Aaction%3Dlightbox%26settings%3DeyJpZCI6MjE3NywidXJsIjoiaHR0cHM6XC9cL3BhdHNjaGVyYWxtLmNvbVwvd3AtY29udGVudFwvdXBsb2Fkc1wvMjAyM1wvMTFcL0lNR18wMzE5LmpwZyIsInNsaWRlc2hvdyI6ImY0NWY4NTIifQ%3D%3D\" href='https:\/\/patscheralm.com\/wp-content\/uploads\/2023\/11\/IMG_0319.jpg'><img loading=\"lazy\" width=\"756\" height=\"504\" src=\"https:\/\/patscheralm.com\/wp-content\/uploads\/2023\/11\/IMG_0319-1536x1024.jpg\" alt=\"\" decoding=\"async\" srcset=\"https:\/\/patscheralm.com\/wp-content\/uploads\/2023\/11\/IMG_0319-1536x1024.jpg 1536w, https:\/\/patscheralm.com\/wp-content\/uploads\/2023\/11\/IMG_0319-300x200.jpg 300w, https:\/\/patscheralm.com\/wp-content\/uploads\/2023\/11\/IMG_0319-1024x683.jpg 1024w, https:\/\/patscheralm.com\/wp-content\/uploads\/2023\/11\/IMG_0319-768x512.jpg 768w, https:\/\/patscheralm.com\/wp-content\/uploads\/2023\/11\/IMG_0319.jpg 1600w\" sizes=\"(max-width: 756px) 100vw, 756px\" \/><\/a><br \/>\n\t\t\t<\/figure>\n<figure class='gallery-item'>\n\t\t\t\t<a data-elementor-open-lightbox=\"yes\" data-elementor-lightbox-slideshow=\"f45f852\" data-elementor-lightbox-title=\"IMG_0327tvb\" data-e-action-hash=\"#elementor-action%3Aaction%3Dlightbox%26settings%3DeyJpZCI6MjE3OCwidXJsIjoiaHR0cHM6XC9cL3BhdHNjaGVyYWxtLmNvbVwvd3AtY29udGVudFwvdXBsb2Fkc1wvMjAyM1wvMTFcL0lNR18wMzI3dHZiLmpwZyIsInNsaWRlc2hvdyI6ImY0NWY4NTIifQ%3D%3D\" href='https:\/\/patscheralm.com\/wp-content\/uploads\/2023\/11\/IMG_0327tvb.jpg'><img loading=\"lazy\" width=\"756\" height=\"504\" src=\"https:\/\/patscheralm.com\/wp-content\/uploads\/2023\/11\/IMG_0327tvb-1536x1024.jpg\" alt=\"\" decoding=\"async\" srcset=\"https:\/\/patscheralm.com\/wp-content\/uploads\/2023\/11\/IMG_0327tvb-1536x1024.jpg 1536w, https:\/\/patscheralm.com\/wp-content\/uploads\/2023\/11\/IMG_0327tvb-300x200.jpg 300w, https:\/\/patscheralm.com\/wp-content\/uploads\/2023\/11\/IMG_0327tvb-1024x683.jpg 1024w, https:\/\/patscheralm.com\/wp-content\/uploads\/2023\/11\/IMG_0327tvb-768x512.jpg 768w, https:\/\/patscheralm.com\/wp-content\/uploads\/2023\/11\/IMG_0327tvb.jpg 1600w\" sizes=\"(max-width: 756px) 100vw, 756px\" \/><\/a><br \/>\n\t\t\t<\/figure>\n<figure class='gallery-item'>\n\t\t\t\t<a data-elementor-open-lightbox=\"yes\" data-elementor-lightbox-slideshow=\"f45f852\" data-elementor-lightbox-title=\"IMG_0344\" data-e-action-hash=\"#elementor-action%3Aaction%3Dlightbox%26settings%3DeyJpZCI6MjE3OSwidXJsIjoiaHR0cHM6XC9cL3BhdHNjaGVyYWxtLmNvbVwvd3AtY29udGVudFwvdXBsb2Fkc1wvMjAyM1wvMTFcL0lNR18wMzQ0LmpwZyIsInNsaWRlc2hvdyI6ImY0NWY4NTIifQ%3D%3D\" href='https:\/\/patscheralm.com\/wp-content\/uploads\/2023\/11\/IMG_0344.jpg'><img loading=\"lazy\" width=\"756\" height=\"504\" src=\"https:\/\/patscheralm.com\/wp-content\/uploads\/2023\/11\/IMG_0344-1536x1024.jpg\" alt=\"\" decoding=\"async\" srcset=\"https:\/\/patscheralm.com\/wp-content\/uploads\/2023\/11\/IMG_0344-1536x1024.jpg 1536w, https:\/\/patscheralm.com\/wp-content\/uploads\/2023\/11\/IMG_0344-300x200.jpg 300w, https:\/\/patscheralm.com\/wp-content\/uploads\/2023\/11\/IMG_0344-1024x683.jpg 1024w, https:\/\/patscheralm.com\/wp-content\/uploads\/2023\/11\/IMG_0344-768x512.jpg 768w, https:\/\/patscheralm.com\/wp-content\/uploads\/2023\/11\/IMG_0344.jpg 1600w\" sizes=\"(max-width: 756px) 100vw, 756px\" \/><\/a><br \/>\n\t\t\t<\/figure>\n<figure class='gallery-item'>\n\t\t\t\t<a data-elementor-open-lightbox=\"yes\" data-elementor-lightbox-slideshow=\"f45f852\" data-elementor-lightbox-title=\"P2040189tvb\" data-e-action-hash=\"#elementor-action%3Aaction%3Dlightbox%26settings%3DeyJpZCI6MjE3MCwidXJsIjoiaHR0cHM6XC9cL3BhdHNjaGVyYWxtLmNvbVwvd3AtY29udGVudFwvdXBsb2Fkc1wvMjAyM1wvMTFcL1AyMDQwMTg5dHZiLmpwZyIsInNsaWRlc2hvdyI6ImY0NWY4NTIifQ%3D%3D\" href='https:\/\/patscheralm.com\/wp-content\/uploads\/2023\/11\/P2040189tvb.jpg'><img loading=\"lazy\" width=\"756\" height=\"504\" src=\"https:\/\/patscheralm.com\/wp-content\/uploads\/2023\/11\/P2040189tvb-1536x1024.jpg\" alt=\"\" decoding=\"async\" srcset=\"https:\/\/patscheralm.com\/wp-content\/uploads\/2023\/11\/P2040189tvb-1536x1024.jpg 1536w, https:\/\/patscheralm.com\/wp-content\/uploads\/2023\/11\/P2040189tvb-300x200.jpg 300w, https:\/\/patscheralm.com\/wp-content\/uploads\/2023\/11\/P2040189tvb-1024x683.jpg 1024w, https:\/\/patscheralm.com\/wp-content\/uploads\/2023\/11\/P2040189tvb-768x512.jpg 768w, https:\/\/patscheralm.com\/wp-content\/uploads\/2023\/11\/P2040189tvb.jpg 2048w\" sizes=\"(max-width: 756px) 100vw, 756px\" \/><\/a><br \/>\n\t\t\t<\/figure>\n<figure class='gallery-item'>\n\t\t\t\t<a data-elementor-open-lightbox=\"yes\" data-elementor-lightbox-slideshow=\"f45f852\" data-elementor-lightbox-title=\"IMG_0385\" data-e-action-hash=\"#elementor-action%3Aaction%3Dlightbox%26settings%3DeyJpZCI6MjE2OSwidXJsIjoiaHR0cHM6XC9cL3BhdHNjaGVyYWxtLmNvbVwvd3AtY29udGVudFwvdXBsb2Fkc1wvMjAyM1wvMTFcL0lNR18wMzg1LmpwZyIsInNsaWRlc2hvdyI6ImY0NWY4NTIifQ%3D%3D\" href='https:\/\/patscheralm.com\/wp-content\/uploads\/2023\/11\/IMG_0385.jpg'><img loading=\"lazy\" width=\"756\" height=\"504\" src=\"https:\/\/patscheralm.com\/wp-content\/uploads\/2023\/11\/IMG_0385-1536x1024.jpg\" alt=\"\" decoding=\"async\" srcset=\"https:\/\/patscheralm.com\/wp-content\/uploads\/2023\/11\/IMG_0385-1536x1024.jpg 1536w, https:\/\/patscheralm.com\/wp-content\/uploads\/2023\/11\/IMG_0385-300x200.jpg 300w, https:\/\/patscheralm.com\/wp-content\/uploads\/2023\/11\/IMG_0385-1024x683.jpg 1024w, https:\/\/patscheralm.com\/wp-content\/uploads\/2023\/11\/IMG_0385-768x512.jpg 768w, https:\/\/patscheralm.com\/wp-content\/uploads\/2023\/11\/IMG_0385.jpg 2048w\" sizes=\"(max-width: 756px) 100vw, 756px\" \/><\/a><br \/>\n\t\t\t<\/figure>\n<figure class='gallery-item'>\n\t\t\t\t<a data-elementor-open-lightbox=\"yes\" data-elementor-lightbox-slideshow=\"f45f852\" data-elementor-lightbox-title=\"IMG_0016tvb\" data-e-action-hash=\"#elementor-action%3Aaction%3Dlightbox%26settings%3DeyJpZCI6MjE2OCwidXJsIjoiaHR0cHM6XC9cL3BhdHNjaGVyYWxtLmNvbVwvd3AtY29udGVudFwvdXBsb2Fkc1wvMjAyM1wvMTFcL0lNR18wMDE2dHZiLmpwZyIsInNsaWRlc2hvdyI6ImY0NWY4NTIifQ%3D%3D\" href='https:\/\/patscheralm.com\/wp-content\/uploads\/2023\/11\/IMG_0016tvb.jpg'><img loading=\"lazy\" width=\"756\" height=\"504\" src=\"https:\/\/patscheralm.com\/wp-content\/uploads\/2023\/11\/IMG_0016tvb-1536x1024.jpg\" alt=\"\" decoding=\"async\" srcset=\"https:\/\/patscheralm.com\/wp-content\/uploads\/2023\/11\/IMG_0016tvb-1536x1024.jpg 1536w, https:\/\/patscheralm.com\/wp-content\/uploads\/2023\/11\/IMG_0016tvb-300x200.jpg 300w, https:\/\/patscheralm.com\/wp-content\/uploads\/2023\/11\/IMG_0016tvb-1024x683.jpg 1024w, https:\/\/patscheralm.com\/wp-content\/uploads\/2023\/11\/IMG_0016tvb-768x512.jpg 768w, https:\/\/patscheralm.com\/wp-content\/uploads\/2023\/11\/IMG_0016tvb.jpg 2048w\" sizes=\"(max-width: 756px) 100vw, 756px\" \/><\/a><br \/>\n\t\t\t<\/figure>\n<figure class='gallery-item'>\n\t\t\t\t<a data-elementor-open-lightbox=\"yes\" data-elementor-lightbox-slideshow=\"f45f852\" data-elementor-lightbox-title=\"DSC07238tvb\" data-e-action-hash=\"#elementor-action%3Aaction%3Dlightbox%26settings%3DeyJpZCI6MjE2NiwidXJsIjoiaHR0cHM6XC9cL3BhdHNjaGVyYWxtLmNvbVwvd3AtY29udGVudFwvdXBsb2Fkc1wvMjAyM1wvMTFcL0RTQzA3MjM4dHZiLmpwZyIsInNsaWRlc2hvdyI6ImY0NWY4NTIifQ%3D%3D\" href='https:\/\/patscheralm.com\/wp-content\/uploads\/2023\/11\/DSC07238tvb.jpg'><img loading=\"lazy\" width=\"756\" height=\"504\" src=\"https:\/\/patscheralm.com\/wp-content\/uploads\/2023\/11\/DSC07238tvb-1536x1024.jpg\" alt=\"\" decoding=\"async\" srcset=\"https:\/\/patscheralm.com\/wp-content\/uploads\/2023\/11\/DSC07238tvb-1536x1024.jpg 1536w, https:\/\/patscheralm.com\/wp-content\/uploads\/2023\/11\/DSC07238tvb-300x200.jpg 300w, https:\/\/patscheralm.com\/wp-content\/uploads\/2023\/11\/DSC07238tvb-1024x683.jpg 1024w, https:\/\/patscheralm.com\/wp-content\/uploads\/2023\/11\/DSC07238tvb-768x512.jpg 768w, https:\/\/patscheralm.com\/wp-content\/uploads\/2023\/11\/DSC07238tvb-2048x1366.jpg 2048w\" sizes=\"(max-width: 756px) 100vw, 756px\" \/><\/a><br \/>\n\t\t\t<\/figure>\n<figure class='gallery-item'>\n\t\t\t\t<a data-elementor-open-lightbox=\"yes\" data-elementor-lightbox-slideshow=\"f45f852\" data-elementor-lightbox-title=\"DSC07256tvb\" data-e-action-hash=\"#elementor-action%3Aaction%3Dlightbox%26settings%3DeyJpZCI6MjE2NywidXJsIjoiaHR0cHM6XC9cL3BhdHNjaGVyYWxtLmNvbVwvd3AtY29udGVudFwvdXBsb2Fkc1wvMjAyM1wvMTFcL0RTQzA3MjU2dHZiLmpwZyIsInNsaWRlc2hvdyI6ImY0NWY4NTIifQ%3D%3D\" href='https:\/\/patscheralm.com\/wp-content\/uploads\/2023\/11\/DSC07256tvb.jpg'><img loading=\"lazy\" width=\"756\" height=\"425\" src=\"https:\/\/patscheralm.com\/wp-content\/uploads\/2023\/11\/DSC07256tvb-1536x864.jpg\" alt=\"\" decoding=\"async\" srcset=\"https:\/\/patscheralm.com\/wp-content\/uploads\/2023\/11\/DSC07256tvb-1536x864.jpg 1536w, https:\/\/patscheralm.com\/wp-content\/uploads\/2023\/11\/DSC07256tvb-300x169.jpg 300w, https:\/\/patscheralm.com\/wp-content\/uploads\/2023\/11\/DSC07256tvb-1024x576.jpg 1024w, https:\/\/patscheralm.com\/wp-content\/uploads\/2023\/11\/DSC07256tvb-768x432.jpg 768w, https:\/\/patscheralm.com\/wp-content\/uploads\/2023\/11\/DSC07256tvb-2048x1152.jpg 2048w\" sizes=\"(max-width: 756px) 100vw, 756px\" \/><\/a><br \/>\n\t\t\t<\/figure>\n<figure class='gallery-item'>\n\t\t\t\t<a data-elementor-open-lightbox=\"yes\" data-elementor-lightbox-slideshow=\"f45f852\" data-elementor-lightbox-title=\"DSC07206tvb\" data-e-action-hash=\"#elementor-action%3Aaction%3Dlightbox%26settings%3DeyJpZCI6MjE2NSwidXJsIjoiaHR0cHM6XC9cL3BhdHNjaGVyYWxtLmNvbVwvd3AtY29udGVudFwvdXBsb2Fkc1wvMjAyM1wvMTFcL0RTQzA3MjA2dHZiLmpwZyIsInNsaWRlc2hvdyI6ImY0NWY4NTIifQ%3D%3D\" href='https:\/\/patscheralm.com\/wp-content\/uploads\/2023\/11\/DSC07206tvb.jpg'><img loading=\"lazy\" width=\"756\" height=\"504\" src=\"https:\/\/patscheralm.com\/wp-content\/uploads\/2023\/11\/DSC07206tvb-1536x1024.jpg\" alt=\"\" decoding=\"async\" srcset=\"https:\/\/patscheralm.com\/wp-content\/uploads\/2023\/11\/DSC07206tvb-1536x1024.jpg 1536w, https:\/\/patscheralm.com\/wp-content\/uploads\/2023\/11\/DSC07206tvb-300x200.jpg 300w, https:\/\/patscheralm.com\/wp-content\/uploads\/2023\/11\/DSC07206tvb-1024x683.jpg 1024w, https:\/\/patscheralm.com\/wp-content\/uploads\/2023\/11\/DSC07206tvb-768x512.jpg 768w, https:\/\/patscheralm.com\/wp-content\/uploads\/2023\/11\/DSC07206tvb-2048x1366.jpg 2048w\" sizes=\"(max-width: 756px) 100vw, 756px\" \/><\/a><br \/>\n\t\t\t<\/figure>\n<figure class='gallery-item'>\n\t\t\t\t<a data-elementor-open-lightbox=\"yes\" data-elementor-lightbox-slideshow=\"f45f852\" data-elementor-lightbox-title=\"DSC07158tvb\" data-e-action-hash=\"#elementor-action%3Aaction%3Dlightbox%26settings%3DeyJpZCI6MjE2NCwidXJsIjoiaHR0cHM6XC9cL3BhdHNjaGVyYWxtLmNvbVwvd3AtY29udGVudFwvdXBsb2Fkc1wvMjAyM1wvMTFcL0RTQzA3MTU4dHZiLmpwZyIsInNsaWRlc2hvdyI6ImY0NWY4NTIifQ%3D%3D\" href='https:\/\/patscheralm.com\/wp-content\/uploads\/2023\/11\/DSC07158tvb.jpg'><img loading=\"lazy\" width=\"756\" height=\"425\" src=\"https:\/\/patscheralm.com\/wp-content\/uploads\/2023\/11\/DSC07158tvb-1536x864.jpg\" alt=\"\" decoding=\"async\" srcset=\"https:\/\/patscheralm.com\/wp-content\/uploads\/2023\/11\/DSC07158tvb-1536x864.jpg 1536w, https:\/\/patscheralm.com\/wp-content\/uploads\/2023\/11\/DSC07158tvb-300x169.jpg 300w, https:\/\/patscheralm.com\/wp-content\/uploads\/2023\/11\/DSC07158tvb-1024x576.jpg 1024w, https:\/\/patscheralm.com\/wp-content\/uploads\/2023\/11\/DSC07158tvb-768x432.jpg 768w, https:\/\/patscheralm.com\/wp-content\/uploads\/2023\/11\/DSC07158tvb-2048x1152.jpg 2048w\" sizes=\"(max-width: 756px) 100vw, 756px\" \/><\/a><br \/>\n\t\t\t<\/figure>\n<figure class='gallery-item'>\n\t\t\t\t<a data-elementor-open-lightbox=\"yes\" data-elementor-lightbox-slideshow=\"f45f852\" data-elementor-lightbox-title=\"DSC06272-Panotvb\" data-e-action-hash=\"#elementor-action%3Aaction%3Dlightbox%26settings%3DeyJpZCI6MjE2MywidXJsIjoiaHR0cHM6XC9cL3BhdHNjaGVyYWxtLmNvbVwvd3AtY29udGVudFwvdXBsb2Fkc1wvMjAyM1wvMTFcL0RTQzA2MjcyLVBhbm90dmItMS5qcGciLCJzbGlkZXNob3ciOiJmNDVmODUyIn0%3D\" href='https:\/\/patscheralm.com\/wp-content\/uploads\/2023\/11\/DSC06272-Panotvb-1.jpg'><img loading=\"lazy\" width=\"756\" height=\"395\" src=\"https:\/\/patscheralm.com\/wp-content\/uploads\/2023\/11\/DSC06272-Panotvb-1-1536x803.jpg\" alt=\"\" decoding=\"async\" srcset=\"https:\/\/patscheralm.com\/wp-content\/uploads\/2023\/11\/DSC06272-Panotvb-1-1536x803.jpg 1536w, https:\/\/patscheralm.com\/wp-content\/uploads\/2023\/11\/DSC06272-Panotvb-1-300x157.jpg 300w, https:\/\/patscheralm.com\/wp-content\/uploads\/2023\/11\/DSC06272-Panotvb-1-1024x535.jpg 1024w, https:\/\/patscheralm.com\/wp-content\/uploads\/2023\/11\/DSC06272-Panotvb-1-768x401.jpg 768w, https:\/\/patscheralm.com\/wp-content\/uploads\/2023\/11\/DSC06272-Panotvb-1-2048x1070.jpg 2048w\" sizes=\"(max-width: 756px) 100vw, 756px\" \/><\/a><br \/>\n\t\t\t<\/figure>\n<figure class='gallery-item'>\n\t\t\t\t<a data-elementor-open-lightbox=\"yes\" data-elementor-lightbox-slideshow=\"f45f852\" data-elementor-lightbox-title=\"DSC06264tvb\" data-e-action-hash=\"#elementor-action%3Aaction%3Dlightbox%26settings%3DeyJpZCI6MjE2MiwidXJsIjoiaHR0cHM6XC9cL3BhdHNjaGVyYWxtLmNvbVwvd3AtY29udGVudFwvdXBsb2Fkc1wvMjAyM1wvMTFcL0RTQzA2MjY0dHZiLmpwZyIsInNsaWRlc2hvdyI6ImY0NWY4NTIifQ%3D%3D\" href='https:\/\/patscheralm.com\/wp-content\/uploads\/2023\/11\/DSC06264tvb.jpg'><img loading=\"lazy\" width=\"756\" height=\"425\" src=\"https:\/\/patscheralm.com\/wp-content\/uploads\/2023\/11\/DSC06264tvb-1536x864.jpg\" alt=\"\" decoding=\"async\" srcset=\"https:\/\/patscheralm.com\/wp-content\/uploads\/2023\/11\/DSC06264tvb-1536x864.jpg 1536w, https:\/\/patscheralm.com\/wp-content\/uploads\/2023\/11\/DSC06264tvb-300x169.jpg 300w, https:\/\/patscheralm.com\/wp-content\/uploads\/2023\/11\/DSC06264tvb-1024x576.jpg 1024w, https:\/\/patscheralm.com\/wp-content\/uploads\/2023\/11\/DSC06264tvb-768x432.jpg 768w, https:\/\/patscheralm.com\/wp-content\/uploads\/2023\/11\/DSC06264tvb-2048x1152.jpg 2048w\" sizes=\"(max-width: 756px) 100vw, 756px\" \/><\/a><br \/>\n\t\t\t<\/figure>\n","protected":false},"excerpt":{"rendered":"<p>Direkt an der Familienabfahrt gelegen ist die Patscher Alm im Winter ein perfektes Einkehrziel. Die gro\u00dfe Sonnenterasse l\u00e4dt zum gem\u00fctlichen sitzen ein und in den Liegest\u00fchlen l\u00e4sst sich die Sonne herrlich genie\u00dfen. Die regionalen Schmankerln runden das ganze ab. Winter Wonderland!<\/p>\n","protected":false},"author":1,"featured_media":0,"parent":0,"menu_order":0,"comment_status":"closed","ping_status":"closed","template":"","meta":{"ngg_post_thumbnail":0},"aioseo_notices":[],"_links":{"self":[{"href":"https:\/\/patscheralm.com\/index.php?rest_route=\/wp\/v2\/pages\/674"}],"collection":[{"href":"https:\/\/patscheralm.com\/index.php?rest_route=\/wp\/v2\/pages"}],"about":[{"href":"https:\/\/patscheralm.com\/index.php?rest_route=\/wp\/v2\/types\/page"}],"author":[{"embeddable":true,"href":"https:\/\/patscheralm.com\/index.php?rest_route=\/wp\/v2\/users\/1"}],"replies":[{"embeddable":true,"href":"https:\/\/patscheralm.com\/index.php?rest_route=%2Fwp%2Fv2%2Fcomments&post=674"}],"version-history":[{"count":16,"href":"https:\/\/patscheralm.com\/index.php?rest_route=\/wp\/v2\/pages\/674\/revisions"}],"predecessor-version":[{"id":11663,"href":"https:\/\/patscheralm.com\/index.php?rest_route=\/wp\/v2\/pages\/674\/revisions\/11663"}],"wp:attachment":[{"href":"https:\/\/patscheralm.com\/index.php?rest_route=%2Fwp%2Fv2%2Fmedia&parent=674"}],"curies":[{"name":"wp","href":"https:\/\/api.w.org\/{rel}","templated":true}]}}